{"id":276,"date":"2023-03-25T07:49:09","date_gmt":"2023-03-25T07:49:09","guid":{"rendered":"https:\/\/santos.rkinformatika.net\/eliotschool\/?page_id=276"},"modified":"2023-04-05T05:37:44","modified_gmt":"2023-04-05T05:37:44","slug":"eliot-school","status":"publish","type":"page","link":"https:\/\/eliotschool.es\/eu\/eliot-school\/","title":{"rendered":"Eliot School"},"content":{"rendered":"<div data-elementor-type=\"wp-page\" data-elementor-id=\"276\" class=\"elementor elementor-276\" data-elementor-post-type=\"page\">\n\t\t\t\t\t\t<section class=\"elementor-section elementor-top-section elementor-element elementor-element-a8b5604 elementor-section-boxed elementor-section-height-default elementor-section-height-default\" data-id=\"a8b5604\" data-element_type=\"section\" data-e-type=\"section\">\n\t\t\t\t\t\t<div class=\"elementor-container elementor-column-gap-default\">\n\t\t\t\t\t<div class=\"elementor-column elementor-col-100 elementor-top-column elementor-element elementor-element-0a3c1dd\" data-id=\"0a3c1dd\" data-element_type=\"column\" data-e-type=\"column\">\n\t\t\t<div class=\"elementor-widget-wrap elementor-element-populated\">\n\t\t\t\t\t\t<div class=\"elementor-element elementor-element-5cdd8697 elementor-widget elementor-widget-heading\" data-id=\"5cdd8697\" data-element_type=\"widget\" data-e-type=\"widget\" data-widget_type=\"heading.default\">\n\t\t\t\t<div class=\"elementor-widget-container\">\n\t\t\t\t\t<h4 class=\"elementor-heading-title elementor-size-default\">Desde 1992<\/h4>\t\t\t\t<\/div>\n\t\t\t\t<\/div>\n\t\t\t\t\t<\/div>\n\t\t<\/div>\n\t\t\t\t\t<\/div>\n\t\t<\/section>\n\t\t\t\t<section class=\"elementor-section elementor-top-section elementor-element elementor-element-75b0fa25 elementor-reverse-mobile elementor-section-boxed elementor-section-height-default elementor-section-height-default\" data-id=\"75b0fa25\" data-element_type=\"section\" data-e-type=\"section\">\n\t\t\t\t\t\t<div class=\"elementor-container elementor-column-gap-default\">\n\t\t\t\t\t<div class=\"elementor-column elementor-col-50 elementor-top-column elementor-element elementor-element-3cee3b3f elementor-invisible\" data-id=\"3cee3b3f\" data-element_type=\"column\" data-e-type=\"column\" data-settings=\"{&quot;animation&quot;:&quot;fadeInLeft&quot;}\">\n\t\t\t<div class=\"elementor-widget-wrap elementor-element-populated\">\n\t\t\t\t\t\t<div class=\"elementor-element elementor-element-4b0a9e00 elementor-widget elementor-widget-image\" data-id=\"4b0a9e00\" data-element_type=\"widget\" data-e-type=\"widget\" data-widget_type=\"image.default\">\n\t\t\t\t<div class=\"elementor-widget-container\">\n\t\t\t\t\t\t\t\t\t\t\t\t\t\t\t<img decoding=\"async\" src=\"https:\/\/eliotschool.es\/wp-content\/uploads\/elementor\/thumbs\/1-q46ttndjlkofpimbfw0sc74k6f1m1ie3phipw5hf2g.png\" title=\"1\" alt=\"1\" loading=\"lazy\" \/>\t\t\t\t\t\t\t\t\t\t\t\t\t\t\t<\/div>\n\t\t\t\t<\/div>\n\t\t\t\t\t<\/div>\n\t\t<\/div>\n\t\t\t\t<div class=\"elementor-column elementor-col-50 elementor-top-column elementor-element elementor-element-6a1d752f elementor-invisible\" data-id=\"6a1d752f\" data-element_type=\"column\" data-e-type=\"column\" data-settings=\"{&quot;animation&quot;:&quot;fadeInRight&quot;}\">\n\t\t\t<div class=\"elementor-widget-wrap elementor-element-populated\">\n\t\t\t\t\t\t<div class=\"elementor-element elementor-element-0fecf2a elementor-widget elementor-widget-image\" data-id=\"0fecf2a\" data-element_type=\"widget\" data-e-type=\"widget\" data-widget_type=\"image.default\">\n\t\t\t\t<div class=\"elementor-widget-container\">\n\t\t\t\t\t\t\t\t\t\t\t\t\t\t\t<img decoding=\"async\" src=\"https:\/\/eliotschool.es\/wp-content\/uploads\/elementor\/thumbs\/Eliot-2-1-q46ttobdsepq14kyaefewow0rswz97hu1m67dfg0w8.png\" title=\"Eliot 2\" alt=\"Eliot 2\" loading=\"lazy\" \/>\t\t\t\t\t\t\t\t\t\t\t\t\t\t\t<\/div>\n\t\t\t\t<\/div>\n\t\t\t\t\t<\/div>\n\t\t<\/div>\n\t\t\t\t\t<\/div>\n\t\t<\/section>\n\t\t\t\t<section class=\"elementor-section elementor-top-section elementor-element elementor-element-2eeaf68e elementor-reverse-mobile elementor-section-boxed elementor-section-height-default elementor-section-height-default\" data-id=\"2eeaf68e\" data-element_type=\"section\" data-e-type=\"section\">\n\t\t\t\t\t\t<div class=\"elementor-container elementor-column-gap-default\">\n\t\t\t\t\t<div class=\"elementor-column elementor-col-100 elementor-top-column elementor-element elementor-element-73bab7a elementor-invisible\" data-id=\"73bab7a\" data-element_type=\"column\" data-e-type=\"column\" data-settings=\"{&quot;animation&quot;:&quot;fadeInRight&quot;}\">\n\t\t\t<div class=\"elementor-widget-wrap elementor-element-populated\">\n\t\t\t\t\t\t<div class=\"elementor-element elementor-element-374ce773 elementor-widget elementor-widget-heading\" data-id=\"374ce773\" data-element_type=\"widget\" data-e-type=\"widget\" data-widget_type=\"heading.default\">\n\t\t\t\t<div class=\"elementor-widget-container\">\n\t\t\t\t\t<h2 class=\"elementor-heading-title elementor-size-default\">Nuestra historia<\/h2>\t\t\t\t<\/div>\n\t\t\t\t<\/div>\n\t\t\t\t<div class=\"elementor-element elementor-element-305c1efd elementor-widget elementor-widget-text-editor\" data-id=\"305c1efd\" data-element_type=\"widget\" data-e-type=\"widget\" data-widget_type=\"text-editor.default\">\n\t\t\t\t<div class=\"elementor-widget-container\">\n\t\t\t\t\t\t\t\t\t<p>1992. urtetik,\u00a0<strong>Eliot School<\/strong>\u00a0en ingelesa <strong>exclusivamente<\/strong> a la\u00a0<strong>ense\u00f1anza del ingl\u00e9s<\/strong>, proporcionando servicios de calidad de una manera eficiente, eficaz y personalizada. Contamos con profesores altamente cualificados, grupos reducidos y amplitud de horarios. Nuestro objetivo es que nuestros alumnos se expresen en ingl\u00e9s de una manera natural y fluida.<\/p><p>Nuestro equipo trabaja conjuntamente en la preparaci\u00f3n de las clases, elaborando y compartiendo los diferentes materiales did\u00e1cticos que se utilizar\u00e1n posteriormente en las aulas. De este modo, logramos una formaci\u00f3n homog\u00e9nea y efectiva.<\/p><p>El trato que ofrecemos es personalizado, por eso, trabajamos con\u00a0grupos reducidos. Mantenemos un contacto directo con los padres, les informamos sobre la evoluci\u00f3n de sus hijos con informes peri\u00f3dicos: bolet\u00edn de notas, email\u2026. y les notificamos las faltas de asistencia. As\u00ed mismo, les mantenemos al corriente de los deberes y trabajo realizado en clase si por alg\u00fan motivo no han podido asistir. \u00a0<\/p><p>Cons\u00faltenos, estamos ubicados en\u00a0<strong>Mungia<\/strong>.<\/p>\t\t\t\t\t\t\t\t<\/div>\n\t\t\t\t<\/div>\n\t\t\t\t\t<\/div>\n\t\t<\/div>\n\t\t\t\t\t<\/div>\n\t\t<\/section>\n\t\t\t\t<section class=\"elementor-section elementor-top-section elementor-element elementor-element-8ea1660 elementor-section-boxed elementor-section-height-default elementor-section-height-default\" data-id=\"8ea1660\" data-element_type=\"section\" data-e-type=\"section\" data-settings=\"{&quot;background_background&quot;:&quot;classic&quot;}\">\n\t\t\t\t\t\t\t<div class=\"elementor-background-overlay\"><\/div>\n\t\t\t\t\t\t\t<div class=\"elementor-container elementor-column-gap-default\">\n\t\t\t\t\t<div class=\"elementor-column elementor-col-100 elementor-top-column elementor-element elementor-element-5d20779\" data-id=\"5d20779\" data-element_type=\"column\" data-e-type=\"column\">\n\t\t\t<div class=\"elementor-widget-wrap elementor-element-populated\">\n\t\t\t\t\t\t<div class=\"elementor-element elementor-element-9e95de9 elementor-widget elementor-widget-heading\" data-id=\"9e95de9\" data-element_type=\"widget\" data-e-type=\"widget\" data-widget_type=\"heading.default\">\n\t\t\t\t<div class=\"elementor-widget-container\">\n\t\t\t\t\t<h2 class=\"elementor-heading-title elementor-size-default\">Qu\u00e9 ofrece <br>Eliot School<\/h2>\t\t\t\t<\/div>\n\t\t\t\t<\/div>\n\t\t\t\t<section class=\"elementor-section elementor-inner-section elementor-element elementor-element-38a45df elementor-section-boxed elementor-section-height-default elementor-section-height-default\" data-id=\"38a45df\" data-element_type=\"section\" data-e-type=\"section\">\n\t\t\t\t\t\t<div class=\"elementor-container elementor-column-gap-default\">\n\t\t\t\t\t<div class=\"elementor-column elementor-col-100 elementor-inner-column elementor-element elementor-element-5426be7\" data-id=\"5426be7\" data-element_type=\"column\" data-e-type=\"column\">\n\t\t\t<div class=\"elementor-widget-wrap\">\n\t\t\t\t\t\t\t<\/div>\n\t\t<\/div>\n\t\t\t\t\t<\/div>\n\t\t<\/section>\n\t\t\t\t\t<\/div>\n\t\t<\/div>\n\t\t\t\t\t<\/div>\n\t\t<\/section>\n\t\t\t\t<section class=\"elementor-section elementor-top-section elementor-element elementor-element-1c9a35f9 elementor-section-boxed elementor-section-height-default elementor-section-height-default\" data-id=\"1c9a35f9\" data-element_type=\"section\" data-e-type=\"section\" data-settings=\"{&quot;background_background&quot;:&quot;classic&quot;}\">\n\t\t\t\t\t\t<div class=\"elementor-container elementor-column-gap-default\">\n\t\t\t\t\t<div class=\"elementor-column elementor-col-100 elementor-top-column elementor-element elementor-element-2fc47ad1 elementor-invisible\" data-id=\"2fc47ad1\" data-element_type=\"column\" data-e-type=\"column\" data-settings=\"{&quot;animation&quot;:&quot;fadeInRight&quot;}\">\n\t\t\t<div class=\"elementor-widget-wrap elementor-element-populated\">\n\t\t\t\t\t\t\t<\/div>\n\t\t<\/div>\n\t\t\t\t\t<\/div>\n\t\t<\/section>\n\t\t\t\t<section class=\"elementor-section elementor-top-section elementor-element elementor-element-37d6b62 elementor-section-boxed elementor-section-height-default elementor-section-height-default\" data-id=\"37d6b62\" data-element_type=\"section\" data-e-type=\"section\">\n\t\t\t\t\t\t<div class=\"elementor-container elementor-column-gap-default\">\n\t\t\t\t\t<div class=\"elementor-column elementor-col-100 elementor-top-column elementor-element elementor-element-222e4bc\" data-id=\"222e4bc\" data-element_type=\"column\" data-e-type=\"column\">\n\t\t\t<div class=\"elementor-widget-wrap elementor-element-populated\">\n\t\t\t\t\t\t<div class=\"elementor-element elementor-element-3178df0 elementor-icon-list--layout-traditional elementor-list-item-link-full_width elementor-widget elementor-widget-icon-list\" data-id=\"3178df0\" data-element_type=\"widget\" data-e-type=\"widget\" data-widget_type=\"icon-list.default\">\n\t\t\t\t<div class=\"elementor-widget-container\">\n\t\t\t\t\t\t\t<ul class=\"elementor-icon-list-items\">\n\t\t\t\t\t\t\t<li class=\"elementor-icon-list-item\">\n\t\t\t\t\t\t\t\t\t\t\t<span class=\"elementor-icon-list-icon\">\n\t\t\t\t\t\t\t<i aria-hidden=\"true\" class=\"fas fa-check\"><\/i>\t\t\t\t\t\t<\/span>\n\t\t\t\t\t\t\t\t\t\t<span class=\"elementor-icon-list-text\">Profesorado biling\u00fce y cualificado. Los profesores de Eliot School preparan las clases en la propia Academia, realizando un trabajo en equipo con el resto de sus compa\u00f1eros y utilizando el material m\u00e1s avanzado puesto a su disposici\u00f3n en nuestra sala de recursos.<\/span>\n\t\t\t\t\t\t\t\t\t<\/li>\n\t\t\t\t\t\t\t\t<li class=\"elementor-icon-list-item\">\n\t\t\t\t\t\t\t\t\t\t\t<span class=\"elementor-icon-list-icon\">\n\t\t\t\t\t\t\t<i aria-hidden=\"true\" class=\"fas fa-check\"><\/i>\t\t\t\t\t\t<\/span>\n\t\t\t\t\t\t\t\t\t\t<span class=\"elementor-icon-list-text\">Los grupos normalmente tienen un m\u00e1ximo de diez alumnos por aula y habitualmente se dividen por edades en los niveles m\u00e1s bajos. A partir de 4\u00ba de primaria tenemos en cuenta tanto la edad como los conocimientos de cada alumno a la hora de formar los grupos.<\/span>\n\t\t\t\t\t\t\t\t\t<\/li>\n\t\t\t\t\t\t\t\t<li class=\"elementor-icon-list-item\">\n\t\t\t\t\t\t\t\t\t\t\t<span class=\"elementor-icon-list-icon\">\n\t\t\t\t\t\t\t<i aria-hidden=\"true\" class=\"fas fa-check\"><\/i>\t\t\t\t\t\t<\/span>\n\t\t\t\t\t\t\t\t\t\t<span class=\"elementor-icon-list-text\">Preparamos a nuestros alumnos para los ex\u00e1menes de Cambridge (KET, PET, FCE y CAE)   A2-C1, encarg\u00e1ndonos de los tr\u00e1mites de matriculaci\u00f3n de aquellos interesados en presentarse a dichos ex\u00e1menes. Adem\u00e1s les ofrecemos varias sesiones GRATIS para la preparaci\u00f3n de la prueba oral. As\u00ed mismo nos encargamos de acompa\u00f1arlos el d\u00eda del examen oral.<\/span>\n\t\t\t\t\t\t\t\t\t<\/li>\n\t\t\t\t\t\t\t\t<li class=\"elementor-icon-list-item\">\n\t\t\t\t\t\t\t\t\t\t\t<span class=\"elementor-icon-list-icon\">\n\t\t\t\t\t\t\t<i aria-hidden=\"true\" class=\"fas fa-check\"><\/i>\t\t\t\t\t\t<\/span>\n\t\t\t\t\t\t\t\t\t\t<span class=\"elementor-icon-list-text\">Se informa regularmente a los padres de la evoluci\u00f3n de sus hijos mediante informes trimestrales \u201creports\u201d. Tambi\u00e9n, en caso de ser necesario nos ponemos en contacto con ellos por tel\u00e9fono o por email.<\/span>\n\t\t\t\t\t\t\t\t\t<\/li>\n\t\t\t\t\t\t\t\t<li class=\"elementor-icon-list-item\">\n\t\t\t\t\t\t\t\t\t\t\t<span class=\"elementor-icon-list-icon\">\n\t\t\t\t\t\t\t<i aria-hidden=\"true\" class=\"fas fa-check\"><\/i>\t\t\t\t\t\t<\/span>\n\t\t\t\t\t\t\t\t\t\t<span class=\"elementor-icon-list-text\">Los alumnos m\u00e1s j\u00f3venes llevan a casa al final de cada trimestre el \"Parents' Assessment\" , con el que pueden repasar el vocabulario aprendido en clase junto a sus padres.<\/span>\n\t\t\t\t\t\t\t\t\t<\/li>\n\t\t\t\t\t\t\t\t<li class=\"elementor-icon-list-item\">\n\t\t\t\t\t\t\t\t\t\t\t<span class=\"elementor-icon-list-icon\">\n\t\t\t\t\t\t\t<i aria-hidden=\"true\" class=\"fas fa-check\"><\/i>\t\t\t\t\t\t<\/span>\n\t\t\t\t\t\t\t\t\t\t<span class=\"elementor-icon-list-text\">Los alumnos tienen a su disposici\u00f3n una amplia oferta de material did\u00e1ctico complementario: revistas, libros de lectura, dvds, cds que pueden llevar a casa y que les permitir\u00e1 reforzar y asentar los conocimientos adquiridos en clase, avanzando en su capacidad de comprensi\u00f3n, tanto auditiva como lectora, del ingl\u00e9s.<\/span>\n\t\t\t\t\t\t\t\t\t<\/li>\n\t\t\t\t\t\t\t\t<li class=\"elementor-icon-list-item\">\n\t\t\t\t\t\t\t\t\t\t\t<span class=\"elementor-icon-list-icon\">\n\t\t\t\t\t\t\t<i aria-hidden=\"true\" class=\"fas fa-check\"><\/i>\t\t\t\t\t\t<\/span>\n\t\t\t\t\t\t\t\t\t\t<span class=\"elementor-icon-list-text\">Los alumnos hasta el nivel de PET tienen 2 o 3 horas de clase a la semana (Semanas alternas). Mientras que de PET a Proficiency tienen 3 horas de ingl\u00e9s semanales.<\/span>\n\t\t\t\t\t\t\t\t\t<\/li>\n\t\t\t\t\t\t<\/ul>\n\t\t\t\t\t\t<\/div>\n\t\t\t\t<\/div>\n\t\t\t\t\t<\/div>\n\t\t<\/div>\n\t\t\t\t\t<\/div>\n\t\t<\/section>\n\t\t\t\t<\/div>","protected":false},"excerpt":{"rendered":"<p>Desde 1992 Nuestra historia Desde 1992, en\u00a0Eliot School\u00a0nos dedicamos exclusivamente a la\u00a0ense\u00f1anza del ingl\u00e9s, proporcionando servicios de calidad de una manera eficiente, eficaz y personalizada. Contamos con profesores altamente cualificados, grupos reducidos y amplitud de horarios. Nuestro objetivo es que nuestros alumnos se expresen en ingl\u00e9s de una manera natural y fluida. Nuestro equipo trabaja [&hellip;]<\/p>\n","protected":false},"author":1,"featured_media":0,"parent":0,"menu_order":0,"comment_status":"closed","ping_status":"closed","template":"elementor_canvas","meta":{"footnotes":""},"class_list":["post-276","page","type-page","status-publish","hentry"],"yoast_head":"<!-- This site is optimized with the Yoast SEO plugin v27.5 - https:\/\/yoast.com\/product\/yoast-seo-wordpress\/ -->\n<title>Eliot School - Eliot School<\/title>\n<meta name=\"robots\" content=\"index, follow, max-snippet:-1, max-image-preview:large, max-video-preview:-1\" \/>\n<link rel=\"canonical\" href=\"https:\/\/eliotschool.es\/eu\/eliot-school\/\" \/>\n<meta property=\"og:locale\" content=\"en_US\" \/>\n<meta property=\"og:type\" content=\"article\" \/>\n<meta property=\"og:title\" content=\"Eliot School - Eliot School\" \/>\n<meta property=\"og:description\" content=\"Desde 1992 Nuestra historia Desde 1992, en\u00a0Eliot School\u00a0nos dedicamos exclusivamente a la\u00a0ense\u00f1anza del ingl\u00e9s, proporcionando servicios de calidad de una manera eficiente, eficaz y personalizada. Contamos con profesores altamente cualificados, grupos reducidos y amplitud de horarios. Nuestro objetivo es que nuestros alumnos se expresen en ingl\u00e9s de una manera natural y fluida. Nuestro equipo trabaja [&hellip;]\" \/>\n<meta property=\"og:url\" content=\"https:\/\/eliotschool.es\/eu\/eliot-school\/\" \/>\n<meta property=\"og:site_name\" content=\"Eliot School\" \/>\n<meta property=\"article:modified_time\" content=\"2023-04-05T05:37:44+00:00\" \/>\n<meta property=\"og:image\" content=\"https:\/\/eliotschool.es\/wp-content\/uploads\/elementor\/thumbs\/1-q46ttndjlkofpimbfw0sc74k6f1m1ie3phipix6j9c.png\" \/>\n<meta name=\"twitter:card\" content=\"summary_large_image\" \/>\n<meta name=\"twitter:label1\" content=\"Est. reading time\" \/>\n\t<meta name=\"twitter:data1\" content=\"3 minutua\" \/>\n<script type=\"application\/ld+json\" class=\"yoast-schema-graph\">{\"@context\":\"https:\\\/\\\/schema.org\",\"@graph\":[{\"@type\":\"WebPage\",\"@id\":\"https:\\\/\\\/eliotschool.es\\\/eliot-school\\\/\",\"url\":\"https:\\\/\\\/eliotschool.es\\\/eliot-school\\\/\",\"name\":\"Eliot School - Eliot School\",\"isPartOf\":{\"@id\":\"https:\\\/\\\/eliotschool.es\\\/#website\"},\"primaryImageOfPage\":{\"@id\":\"https:\\\/\\\/eliotschool.es\\\/eliot-school\\\/#primaryimage\"},\"image\":{\"@id\":\"https:\\\/\\\/eliotschool.es\\\/eliot-school\\\/#primaryimage\"},\"thumbnailUrl\":\"https:\\\/\\\/eliotschool.es\\\/wp-content\\\/uploads\\\/elementor\\\/thumbs\\\/1-q46ttndjlkofpimbfw0sc74k6f1m1ie3phipix6j9c.png\",\"datePublished\":\"2023-03-25T07:49:09+00:00\",\"dateModified\":\"2023-04-05T05:37:44+00:00\",\"breadcrumb\":{\"@id\":\"https:\\\/\\\/eliotschool.es\\\/eliot-school\\\/#breadcrumb\"},\"inLanguage\":\"eu\",\"potentialAction\":[{\"@type\":\"ReadAction\",\"target\":[\"https:\\\/\\\/eliotschool.es\\\/eliot-school\\\/\"]}]},{\"@type\":\"ImageObject\",\"inLanguage\":\"eu\",\"@id\":\"https:\\\/\\\/eliotschool.es\\\/eliot-school\\\/#primaryimage\",\"url\":\"https:\\\/\\\/eliotschool.es\\\/wp-content\\\/uploads\\\/elementor\\\/thumbs\\\/1-q46ttndjlkofpimbfw0sc74k6f1m1ie3phipix6j9c.png\",\"contentUrl\":\"https:\\\/\\\/eliotschool.es\\\/wp-content\\\/uploads\\\/elementor\\\/thumbs\\\/1-q46ttndjlkofpimbfw0sc74k6f1m1ie3phipix6j9c.png\"},{\"@type\":\"BreadcrumbList\",\"@id\":\"https:\\\/\\\/eliotschool.es\\\/eliot-school\\\/#breadcrumb\",\"itemListElement\":[{\"@type\":\"ListItem\",\"position\":1,\"name\":\"Portada\",\"item\":\"https:\\\/\\\/eliotschool.es\\\/\"},{\"@type\":\"ListItem\",\"position\":2,\"name\":\"Eliot School\"}]},{\"@type\":\"WebSite\",\"@id\":\"https:\\\/\\\/eliotschool.es\\\/#website\",\"url\":\"https:\\\/\\\/eliotschool.es\\\/\",\"name\":\"Eliot School\",\"description\":\"Desde 1992, en Eliot School nos dedicamos exclusivamente a la ense\u00f1anza del ingl\u00e9s, proporcionando servicios de calidad de una manera eficiente, eficaz y personalizada. \",\"publisher\":{\"@id\":\"https:\\\/\\\/eliotschool.es\\\/#organization\"},\"potentialAction\":[{\"@type\":\"SearchAction\",\"target\":{\"@type\":\"EntryPoint\",\"urlTemplate\":\"https:\\\/\\\/eliotschool.es\\\/?s={search_term_string}\"},\"query-input\":{\"@type\":\"PropertyValueSpecification\",\"valueRequired\":true,\"valueName\":\"search_term_string\"}}],\"inLanguage\":\"eu\"},{\"@type\":\"Organization\",\"@id\":\"https:\\\/\\\/eliotschool.es\\\/#organization\",\"name\":\"Eliot School\",\"url\":\"https:\\\/\\\/eliotschool.es\\\/\",\"logo\":{\"@type\":\"ImageObject\",\"inLanguage\":\"eu\",\"@id\":\"https:\\\/\\\/eliotschool.es\\\/#\\\/schema\\\/logo\\\/image\\\/\",\"url\":\"https:\\\/\\\/eliotschool.es\\\/wp-content\\\/uploads\\\/2023\\\/03\\\/cropped-logo_eliot_scholl.png\",\"contentUrl\":\"https:\\\/\\\/eliotschool.es\\\/wp-content\\\/uploads\\\/2023\\\/03\\\/cropped-logo_eliot_scholl.png\",\"width\":666,\"height\":596,\"caption\":\"Eliot School\"},\"image\":{\"@id\":\"https:\\\/\\\/eliotschool.es\\\/#\\\/schema\\\/logo\\\/image\\\/\"}}]}<\/script>\n<!-- \/ Yoast SEO plugin. -->","yoast_head_json":{"title":"Eliot School - Eliot School","robots":{"index":"index","follow":"follow","max-snippet":"max-snippet:-1","max-image-preview":"max-image-preview:large","max-video-preview":"max-video-preview:-1"},"canonical":"https:\/\/eliotschool.es\/eu\/eliot-school\/","og_locale":"en_US","og_type":"article","og_title":"Eliot School - Eliot School","og_description":"Desde 1992 Nuestra historia Desde 1992, en\u00a0Eliot School\u00a0nos dedicamos exclusivamente a la\u00a0ense\u00f1anza del ingl\u00e9s, proporcionando servicios de calidad de una manera eficiente, eficaz y personalizada. Contamos con profesores altamente cualificados, grupos reducidos y amplitud de horarios. Nuestro objetivo es que nuestros alumnos se expresen en ingl\u00e9s de una manera natural y fluida. Nuestro equipo trabaja [&hellip;]","og_url":"https:\/\/eliotschool.es\/eu\/eliot-school\/","og_site_name":"Eliot School","article_modified_time":"2023-04-05T05:37:44+00:00","og_image":[{"url":"https:\/\/eliotschool.es\/wp-content\/uploads\/elementor\/thumbs\/1-q46ttndjlkofpimbfw0sc74k6f1m1ie3phipix6j9c.png","type":"","width":"","height":""}],"twitter_card":"summary_large_image","twitter_misc":{"Est. reading time":"3 minutua"},"schema":{"@context":"https:\/\/schema.org","@graph":[{"@type":"WebPage","@id":"https:\/\/eliotschool.es\/eliot-school\/","url":"https:\/\/eliotschool.es\/eliot-school\/","name":"Eliot School - Eliot School","isPartOf":{"@id":"https:\/\/eliotschool.es\/#website"},"primaryImageOfPage":{"@id":"https:\/\/eliotschool.es\/eliot-school\/#primaryimage"},"image":{"@id":"https:\/\/eliotschool.es\/eliot-school\/#primaryimage"},"thumbnailUrl":"https:\/\/eliotschool.es\/wp-content\/uploads\/elementor\/thumbs\/1-q46ttndjlkofpimbfw0sc74k6f1m1ie3phipix6j9c.png","datePublished":"2023-03-25T07:49:09+00:00","dateModified":"2023-04-05T05:37:44+00:00","breadcrumb":{"@id":"https:\/\/eliotschool.es\/eliot-school\/#breadcrumb"},"inLanguage":"eu","potentialAction":[{"@type":"ReadAction","target":["https:\/\/eliotschool.es\/eliot-school\/"]}]},{"@type":"ImageObject","inLanguage":"eu","@id":"https:\/\/eliotschool.es\/eliot-school\/#primaryimage","url":"https:\/\/eliotschool.es\/wp-content\/uploads\/elementor\/thumbs\/1-q46ttndjlkofpimbfw0sc74k6f1m1ie3phipix6j9c.png","contentUrl":"https:\/\/eliotschool.es\/wp-content\/uploads\/elementor\/thumbs\/1-q46ttndjlkofpimbfw0sc74k6f1m1ie3phipix6j9c.png"},{"@type":"BreadcrumbList","@id":"https:\/\/eliotschool.es\/eliot-school\/#breadcrumb","itemListElement":[{"@type":"ListItem","position":1,"name":"Portada","item":"https:\/\/eliotschool.es\/"},{"@type":"ListItem","position":2,"name":"Eliot School"}]},{"@type":"WebSite","@id":"https:\/\/eliotschool.es\/#website","url":"https:\/\/eliotschool.es\/","name":"Eliot School","description":"Desde 1992, en Eliot School nos dedicamos exclusivamente a la ense\u00f1anza del ingl\u00e9s, proporcionando servicios de calidad de una manera eficiente, eficaz y personalizada.","publisher":{"@id":"https:\/\/eliotschool.es\/#organization"},"potentialAction":[{"@type":"SearchAction","target":{"@type":"EntryPoint","urlTemplate":"https:\/\/eliotschool.es\/?s={search_term_string}"},"query-input":{"@type":"PropertyValueSpecification","valueRequired":true,"valueName":"search_term_string"}}],"inLanguage":"eu"},{"@type":"Organization","@id":"https:\/\/eliotschool.es\/#organization","name":"Eliot School","url":"https:\/\/eliotschool.es\/","logo":{"@type":"ImageObject","inLanguage":"eu","@id":"https:\/\/eliotschool.es\/#\/schema\/logo\/image\/","url":"https:\/\/eliotschool.es\/wp-content\/uploads\/2023\/03\/cropped-logo_eliot_scholl.png","contentUrl":"https:\/\/eliotschool.es\/wp-content\/uploads\/2023\/03\/cropped-logo_eliot_scholl.png","width":666,"height":596,"caption":"Eliot School"},"image":{"@id":"https:\/\/eliotschool.es\/#\/schema\/logo\/image\/"}}]}},"_links":{"self":[{"href":"https:\/\/eliotschool.es\/eu\/wp-json\/wp\/v2\/pages\/276","targetHints":{"allow":["GET"]}}],"collection":[{"href":"https:\/\/eliotschool.es\/eu\/wp-json\/wp\/v2\/pages"}],"about":[{"href":"https:\/\/eliotschool.es\/eu\/wp-json\/wp\/v2\/types\/page"}],"author":[{"embeddable":true,"href":"https:\/\/eliotschool.es\/eu\/wp-json\/wp\/v2\/users\/1"}],"replies":[{"embeddable":true,"href":"https:\/\/eliotschool.es\/eu\/wp-json\/wp\/v2\/comments?post=276"}],"version-history":[{"count":292,"href":"https:\/\/eliotschool.es\/eu\/wp-json\/wp\/v2\/pages\/276\/revisions"}],"predecessor-version":[{"id":1864,"href":"https:\/\/eliotschool.es\/eu\/wp-json\/wp\/v2\/pages\/276\/revisions\/1864"}],"wp:attachment":[{"href":"https:\/\/eliotschool.es\/eu\/wp-json\/wp\/v2\/media?parent=276"}],"curies":[{"name":"wp","href":"https:\/\/api.w.org\/{rel}","templated":true}]}}