{"id":872,"date":"2023-03-27T20:06:51","date_gmt":"2023-03-27T20:06:51","guid":{"rendered":"https:\/\/santos.rkinformatika.net\/eliotschool\/?page_id=872"},"modified":"2023-04-04T07:28:13","modified_gmt":"2023-04-04T07:28:13","slug":"playschool-3-y-6-anos","status":"publish","type":"page","link":"https:\/\/eliotschool.es\/eu\/playschool-3-y-6-anos\/","title":{"rendered":"Playschool (3 y 6 a\u00f1os)"},"content":{"rendered":"<style>.elementor-872 .elementor-element.elementor-element-1ef9619a:not(.elementor-motion-effects-element-type-background), .elementor-872 .elementor-element.elementor-element-1ef9619a > .elementor-motion-effects-container > .elementor-motion-effects-layer{background-color:#019FEF66;}.elementor-872 .elementor-element.elementor-element-1ef9619a > .elementor-background-overlay{background-image:url(\"https:\/\/eliotschool.es\/wp-content\/uploads\/2023\/03\/mother-of-three-little-children-supervising-them-when-diong-homework-at-home.jpg\");background-position:0px -240px;background-repeat:no-repeat;background-size:cover;opacity:1;transition:background 0.3s, border-radius 0.3s, opacity 0.3s;}.elementor-872 .elementor-element.elementor-element-1ef9619a{transition:background 0.3s, border 0.3s, border-radius 0.3s, box-shadow 0.3s;padding:20em 0em 25em 0em;}.elementor-872 .elementor-element.elementor-element-61d9c46{margin-top:50px;margin-bottom:50px;}.elementor-872 .elementor-element.elementor-element-10f37c6{text-align:justify;font-size:18px;}.elementor-872 .elementor-element.elementor-element-5973b77:not(.elementor-motion-effects-element-type-background), .elementor-872 .elementor-element.elementor-element-5973b77 > .elementor-motion-effects-container > .elementor-motion-effects-layer{background-color:#019FEF8F;}.elementor-872 .elementor-element.elementor-element-5973b77 > .elementor-background-overlay{background-color:var( --e-global-color-15589f0 );background-image:url(\"https:\/\/eliotschool.es\/wp-content\/uploads\/2023\/04\/multiracial-business-people-stacking-hands-while-celebrating-together-outdoors-.jpg\");background-position:center center;background-repeat:no-repeat;background-size:cover;opacity:0.55;mix-blend-mode:overlay;transition:background 0.3s, border-radius 0.3s, opacity 0.3s;}.elementor-872 .elementor-element.elementor-element-5973b77, .elementor-872 .elementor-element.elementor-element-5973b77 > .elementor-background-overlay{border-radius:300px 0px 0px 0px;}.elementor-872 .elementor-element.elementor-element-5973b77{transition:background 0.3s, border 0.3s, border-radius 0.3s, box-shadow 0.3s;margin-top:60px;margin-bottom:0px;padding:50px 0px 90px 0px;}.elementor-872 .elementor-element.elementor-element-d655933 > .elementor-element-populated{margin:0px 0px 0px 0px;--e-column-margin-right:0px;--e-column-margin-left:0px;padding:0px 0px 0px 0px;}.elementor-872 .elementor-element.elementor-element-37aec23{text-align:center;}.elementor-872 .elementor-element.elementor-element-37aec23 .elementor-heading-title{font-family:\"Just Me Again Down Here\", Sans-serif;font-size:120px;font-weight:800;color:var( --e-global-color-4ccacd1 );}.elementor-872 .elementor-element.elementor-element-37aec23 > .elementor-widget-container{margin:0px 0px 0px 0px;padding:0px 0px 10px 0px;}.elementor-872 .elementor-element.elementor-element-abfc4d6{margin-top:0px;margin-bottom:0px;padding:0px 0px 0px 0px;}.elementor-872 .elementor-element.elementor-element-f657f1f .elementor-button{background-color:var( --e-global-color-4ccacd1 );}.elementor-872 .elementor-element.elementor-element-f657f1f .elementor-button:hover, .elementor-872 .elementor-element.elementor-element-f657f1f .elementor-button:focus{background-color:var( --e-global-color-15589f0 );}@media(min-width:1025px){.elementor-872 .elementor-element.elementor-element-5973b77 > .elementor-background-overlay{background-attachment:fixed;}}@media(max-width:1024px){.elementor-872 .elementor-element.elementor-element-1ef9619a > .elementor-background-overlay{background-position:0px 0px;}.elementor-872 .elementor-element.elementor-element-61d9c46{padding:0px 10px 0px 10px;}.elementor-872 .elementor-element.elementor-element-5973b77, .elementor-872 .elementor-element.elementor-element-5973b77 > .elementor-background-overlay{border-radius:200px 0px 0px 0px;}.elementor-872 .elementor-element.elementor-element-5973b77{padding:40px 0px 40px 0px;}.elementor-872 .elementor-element.elementor-element-37aec23 .elementor-heading-title{font-size:100px;}}@media(max-width:767px){.elementor-872 .elementor-element.elementor-element-1ef9619a > .elementor-background-overlay{background-position:0px 0px;}.elementor-872 .elementor-element.elementor-element-1ef9619a{padding:150px 150px 150px 150px;}.elementor-872 .elementor-element.elementor-element-61d9c46{margin-top:5px;margin-bottom:0px;padding:0px 10px 0px 10px;}.elementor-872 .elementor-element.elementor-element-5973b77, .elementor-872 .elementor-element.elementor-element-5973b77 > .elementor-background-overlay{border-radius:100px 0px 0px 0px;}.elementor-872 .elementor-element.elementor-element-5973b77{margin-top:-30px;margin-bottom:0px;padding:15px 0px 65px 0px;}.elementor-872 .elementor-element.elementor-element-37aec23 .elementor-heading-title{font-size:60px;}.elementor-872 .elementor-element.elementor-element-37aec23 > .elementor-widget-container{margin:0px 0px 0px 0px;padding:0px 60px 0px 0px;}}<\/style>\t\t<div data-elementor-type=\"wp-page\" data-elementor-id=\"872\" class=\"elementor elementor-872\" data-elementor-post-type=\"page\">\n\t\t\t\t\t\t<section class=\"elementor-section elementor-top-section elementor-element elementor-element-1ef9619a elementor-section-boxed elementor-section-height-default elementor-section-height-default\" data-id=\"1ef9619a\" data-element_type=\"section\" data-e-type=\"section\" data-settings=\"{&quot;background_background&quot;:&quot;classic&quot;}\">\n\t\t\t\t\t\t\t<div class=\"elementor-background-overlay\"><\/div>\n\t\t\t\t\t\t\t<div class=\"elementor-container elementor-column-gap-default\">\n\t\t\t\t\t<div class=\"elementor-column elementor-col-100 elementor-top-column elementor-element elementor-element-592f51f9\" data-id=\"592f51f9\" data-element_type=\"column\" data-e-type=\"column\">\n\t\t\t<div class=\"elementor-widget-wrap\">\n\t\t\t\t\t\t\t<\/div>\n\t\t<\/div>\n\t\t\t\t\t<\/div>\n\t\t<\/section>\n\t\t\t\t<section class=\"elementor-section elementor-top-section elementor-element elementor-element-61d9c46 elementor-section-boxed elementor-section-height-default elementor-section-height-default\" data-id=\"61d9c46\" data-element_type=\"section\" data-e-type=\"section\">\n\t\t\t\t\t\t<div class=\"elementor-container elementor-column-gap-default\">\n\t\t\t\t\t<div class=\"elementor-column elementor-col-100 elementor-top-column elementor-element elementor-element-a193110\" data-id=\"a193110\" data-element_type=\"column\" data-e-type=\"column\">\n\t\t\t<div class=\"elementor-widget-wrap elementor-element-populated\">\n\t\t\t\t\t\t<div class=\"elementor-element elementor-element-10f37c6 elementor-widget elementor-widget-text-editor\" data-id=\"10f37c6\" data-element_type=\"widget\" data-e-type=\"widget\" data-widget_type=\"text-editor.default\">\n\t\t\t\t<div class=\"elementor-widget-container\">\n\t\t\t\t\t\t\t\t\t<p>Es una realidad que los ni\u00f1os y ni\u00f1as de corta edad poseen una mayor facilidad para el aprendizaje de las lenguas que cuando son mayores. Nosotros queremos aprovechar esa capacidad para favorecer que aprendan m\u00e1s y mejor.<\/p><p>A estas edades nuestra prioridad es que hagan o\u00eddo, pronuncien bien y que sobre todo se diviertan y aprendan jugando. Los ni\u00f1os aprenden cuando participan activamente en algo. Los cuentos poseen una magia especial y conectan mucho con la experiencia de los ni\u00f1os. Nuestra metodolog\u00eda se basa en introducir la lengua mediante sencillas historias que se representan entre los ni\u00f1os y el profesor (roleplays). Con ellas aprenden frases cortas y vocabulario nuevo que luego reforzamos a trav\u00e9s de diferentes actividades: juegos, \u00abflashcards\u00bb, manualidades, canciones y rimas acompa\u00f1adas de acciones.<\/p><p>Nuestro objetivo es que nuestros alumnos aprendan ingl\u00e9s de una manera din\u00e1mica y divertida.<\/p><p>Adem\u00e1s en todas las actividades se utiliza el ingl\u00e9s como lengua de comunicaci\u00f3n, facilitando con ello que el ni\u00f1o se familiarice con el idioma y llegue a sentirse seguro hablando ingl\u00e9s. <\/p>\t\t\t\t\t\t\t\t<\/div>\n\t\t\t\t<\/div>\n\t\t\t\t\t<\/div>\n\t\t<\/div>\n\t\t\t\t\t<\/div>\n\t\t<\/section>\n\t\t\t\t<section class=\"elementor-section elementor-top-section elementor-element elementor-element-5973b77 elementor-section-boxed elementor-section-height-default elementor-section-height-default\" data-id=\"5973b77\" data-element_type=\"section\" data-e-type=\"section\" data-settings=\"{&quot;background_background&quot;:&quot;classic&quot;}\">\n\t\t\t\t\t\t\t<div class=\"elementor-background-overlay\"><\/div>\n\t\t\t\t\t\t\t<div class=\"elementor-container elementor-column-gap-default\">\n\t\t\t\t\t<div class=\"elementor-column elementor-col-100 elementor-top-column elementor-element elementor-element-d655933\" data-id=\"d655933\" data-element_type=\"column\" data-e-type=\"column\">\n\t\t\t<div class=\"elementor-widget-wrap elementor-element-populated\">\n\t\t\t\t\t\t<div class=\"elementor-element elementor-element-37aec23 elementor-widget elementor-widget-heading\" data-id=\"37aec23\" data-element_type=\"widget\" data-e-type=\"widget\" data-widget_type=\"heading.default\">\n\t\t\t\t<div class=\"elementor-widget-container\">\n\t\t\t\t\t<h2 class=\"elementor-heading-title elementor-size-default\">Join us<\/h2>\t\t\t\t<\/div>\n\t\t\t\t<\/div>\n\t\t\t\t<section class=\"elementor-section elementor-inner-section elementor-element elementor-element-abfc4d6 elementor-section-boxed elementor-section-height-default elementor-section-height-default\" data-id=\"abfc4d6\" data-element_type=\"section\" data-e-type=\"section\">\n\t\t\t\t\t\t<div class=\"elementor-container elementor-column-gap-default\">\n\t\t\t\t\t<div class=\"elementor-column elementor-col-100 elementor-inner-column elementor-element elementor-element-a65e467\" data-id=\"a65e467\" data-element_type=\"column\" data-e-type=\"column\">\n\t\t\t<div class=\"elementor-widget-wrap elementor-element-populated\">\n\t\t\t\t\t\t<div class=\"elementor-element elementor-element-f657f1f elementor-mobile-align-center elementor-align-center elementor-invisible elementor-widget elementor-widget-button\" data-id=\"f657f1f\" data-element_type=\"widget\" data-e-type=\"widget\" data-settings=\"{&quot;_animation&quot;:&quot;fadeInRight&quot;,&quot;_animation_delay&quot;:600}\" data-widget_type=\"button.default\">\n\t\t\t\t<div class=\"elementor-widget-container\">\n\t\t\t\t\t\t\t\t\t<div class=\"elementor-button-wrapper\">\n\t\t\t\t\t<a class=\"elementor-button elementor-button-link elementor-size-sm\" href=\"https:\/\/eliotschool.es\/index.php\/contacto\/\">\n\t\t\t\t\t\t<span class=\"elementor-button-content-wrapper\">\n\t\t\t\t\t\t\t\t\t<span class=\"elementor-button-text\">Informate <\/span>\n\t\t\t\t\t<\/span>\n\t\t\t\t\t<\/a>\n\t\t\t\t<\/div>\n\t\t\t\t\t\t\t\t<\/div>\n\t\t\t\t<\/div>\n\t\t\t\t\t<\/div>\n\t\t<\/div>\n\t\t\t\t\t<\/div>\n\t\t<\/section>\n\t\t\t\t\t<\/div>\n\t\t<\/div>\n\t\t\t\t\t<\/div>\n\t\t<\/section>\n\t\t\t\t<\/div>","protected":false},"excerpt":{"rendered":"<p>Es una realidad que los ni\u00f1os y ni\u00f1as de corta edad poseen una mayor facilidad para el aprendizaje de las lenguas que cuando son mayores. Nosotros queremos aprovechar esa capacidad para favorecer que aprendan m\u00e1s y mejor. A estas edades nuestra prioridad es que hagan o\u00eddo, pronuncien bien y que sobre todo se diviertan y [&hellip;]<\/p>\n","protected":false},"author":1,"featured_media":0,"parent":0,"menu_order":0,"comment_status":"closed","ping_status":"closed","template":"elementor_canvas","meta":{"footnotes":""},"class_list":["post-872","page","type-page","status-publish","hentry"],"yoast_head":"<!-- This site is optimized with the Yoast SEO plugin v27.3 - https:\/\/yoast.com\/product\/yoast-seo-wordpress\/ -->\n<title>Playschool (3 y 6 a\u00f1os) - Eliot School<\/title>\n<meta name=\"robots\" content=\"index, follow, max-snippet:-1, max-image-preview:large, max-video-preview:-1\" \/>\n<link rel=\"canonical\" href=\"https:\/\/eliotschool.es\/eu\/playschool-3-y-6-anos\/\" \/>\n<meta property=\"og:locale\" content=\"en_US\" \/>\n<meta property=\"og:type\" content=\"article\" \/>\n<meta property=\"og:title\" content=\"Playschool (3 y 6 a\u00f1os) - Eliot School\" \/>\n<meta property=\"og:description\" content=\"Es una realidad que los ni\u00f1os y ni\u00f1as de corta edad poseen una mayor facilidad para el aprendizaje de las lenguas que cuando son mayores. Nosotros queremos aprovechar esa capacidad para favorecer que aprendan m\u00e1s y mejor. A estas edades nuestra prioridad es que hagan o\u00eddo, pronuncien bien y que sobre todo se diviertan y [&hellip;]\" \/>\n<meta property=\"og:url\" content=\"https:\/\/eliotschool.es\/eu\/playschool-3-y-6-anos\/\" \/>\n<meta property=\"og:site_name\" content=\"Eliot School\" \/>\n<meta property=\"article:modified_time\" content=\"2023-04-04T07:28:13+00:00\" \/>\n<meta name=\"twitter:card\" content=\"summary_large_image\" \/>\n<meta name=\"twitter:label1\" content=\"Est. reading time\" \/>\n\t<meta name=\"twitter:data1\" content=\"1 minutua\" \/>\n<script type=\"application\/ld+json\" class=\"yoast-schema-graph\">{\"@context\":\"https:\\\/\\\/schema.org\",\"@graph\":[{\"@type\":\"WebPage\",\"@id\":\"https:\\\/\\\/eliotschool.es\\\/playschool-3-y-6-anos\\\/\",\"url\":\"https:\\\/\\\/eliotschool.es\\\/playschool-3-y-6-anos\\\/\",\"name\":\"Playschool (3 y 6 a\u00f1os) - Eliot School\",\"isPartOf\":{\"@id\":\"https:\\\/\\\/eliotschool.es\\\/#website\"},\"datePublished\":\"2023-03-27T20:06:51+00:00\",\"dateModified\":\"2023-04-04T07:28:13+00:00\",\"breadcrumb\":{\"@id\":\"https:\\\/\\\/eliotschool.es\\\/playschool-3-y-6-anos\\\/#breadcrumb\"},\"inLanguage\":\"eu\",\"potentialAction\":[{\"@type\":\"ReadAction\",\"target\":[\"https:\\\/\\\/eliotschool.es\\\/playschool-3-y-6-anos\\\/\"]}]},{\"@type\":\"BreadcrumbList\",\"@id\":\"https:\\\/\\\/eliotschool.es\\\/playschool-3-y-6-anos\\\/#breadcrumb\",\"itemListElement\":[{\"@type\":\"ListItem\",\"position\":1,\"name\":\"Portada\",\"item\":\"https:\\\/\\\/eliotschool.es\\\/\"},{\"@type\":\"ListItem\",\"position\":2,\"name\":\"Playschool (3 y 6 a\u00f1os)\"}]},{\"@type\":\"WebSite\",\"@id\":\"https:\\\/\\\/eliotschool.es\\\/#website\",\"url\":\"https:\\\/\\\/eliotschool.es\\\/\",\"name\":\"Eliot School\",\"description\":\"Desde 1992, en Eliot School nos dedicamos exclusivamente a la ense\u00f1anza del ingl\u00e9s, proporcionando servicios de calidad de una manera eficiente, eficaz y personalizada. \",\"publisher\":{\"@id\":\"https:\\\/\\\/eliotschool.es\\\/#organization\"},\"potentialAction\":[{\"@type\":\"SearchAction\",\"target\":{\"@type\":\"EntryPoint\",\"urlTemplate\":\"https:\\\/\\\/eliotschool.es\\\/?s={search_term_string}\"},\"query-input\":{\"@type\":\"PropertyValueSpecification\",\"valueRequired\":true,\"valueName\":\"search_term_string\"}}],\"inLanguage\":\"eu\"},{\"@type\":\"Organization\",\"@id\":\"https:\\\/\\\/eliotschool.es\\\/#organization\",\"name\":\"Eliot School\",\"url\":\"https:\\\/\\\/eliotschool.es\\\/\",\"logo\":{\"@type\":\"ImageObject\",\"inLanguage\":\"eu\",\"@id\":\"https:\\\/\\\/eliotschool.es\\\/#\\\/schema\\\/logo\\\/image\\\/\",\"url\":\"https:\\\/\\\/eliotschool.es\\\/wp-content\\\/uploads\\\/2023\\\/03\\\/cropped-logo_eliot_scholl.png\",\"contentUrl\":\"https:\\\/\\\/eliotschool.es\\\/wp-content\\\/uploads\\\/2023\\\/03\\\/cropped-logo_eliot_scholl.png\",\"width\":666,\"height\":596,\"caption\":\"Eliot School\"},\"image\":{\"@id\":\"https:\\\/\\\/eliotschool.es\\\/#\\\/schema\\\/logo\\\/image\\\/\"}}]}<\/script>\n<!-- \/ Yoast SEO plugin. -->","yoast_head_json":{"title":"Playschool (3 y 6 a\u00f1os) - Eliot School","robots":{"index":"index","follow":"follow","max-snippet":"max-snippet:-1","max-image-preview":"max-image-preview:large","max-video-preview":"max-video-preview:-1"},"canonical":"https:\/\/eliotschool.es\/eu\/playschool-3-y-6-anos\/","og_locale":"en_US","og_type":"article","og_title":"Playschool (3 y 6 a\u00f1os) - Eliot School","og_description":"Es una realidad que los ni\u00f1os y ni\u00f1as de corta edad poseen una mayor facilidad para el aprendizaje de las lenguas que cuando son mayores. Nosotros queremos aprovechar esa capacidad para favorecer que aprendan m\u00e1s y mejor. A estas edades nuestra prioridad es que hagan o\u00eddo, pronuncien bien y que sobre todo se diviertan y [&hellip;]","og_url":"https:\/\/eliotschool.es\/eu\/playschool-3-y-6-anos\/","og_site_name":"Eliot School","article_modified_time":"2023-04-04T07:28:13+00:00","twitter_card":"summary_large_image","twitter_misc":{"Est. reading time":"1 minutua"},"schema":{"@context":"https:\/\/schema.org","@graph":[{"@type":"WebPage","@id":"https:\/\/eliotschool.es\/playschool-3-y-6-anos\/","url":"https:\/\/eliotschool.es\/playschool-3-y-6-anos\/","name":"Playschool (3 y 6 a\u00f1os) - Eliot School","isPartOf":{"@id":"https:\/\/eliotschool.es\/#website"},"datePublished":"2023-03-27T20:06:51+00:00","dateModified":"2023-04-04T07:28:13+00:00","breadcrumb":{"@id":"https:\/\/eliotschool.es\/playschool-3-y-6-anos\/#breadcrumb"},"inLanguage":"eu","potentialAction":[{"@type":"ReadAction","target":["https:\/\/eliotschool.es\/playschool-3-y-6-anos\/"]}]},{"@type":"BreadcrumbList","@id":"https:\/\/eliotschool.es\/playschool-3-y-6-anos\/#breadcrumb","itemListElement":[{"@type":"ListItem","position":1,"name":"Portada","item":"https:\/\/eliotschool.es\/"},{"@type":"ListItem","position":2,"name":"Playschool (3 y 6 a\u00f1os)"}]},{"@type":"WebSite","@id":"https:\/\/eliotschool.es\/#website","url":"https:\/\/eliotschool.es\/","name":"Eliot School","description":"Desde 1992, en Eliot School nos dedicamos exclusivamente a la ense\u00f1anza del ingl\u00e9s, proporcionando servicios de calidad de una manera eficiente, eficaz y personalizada.","publisher":{"@id":"https:\/\/eliotschool.es\/#organization"},"potentialAction":[{"@type":"SearchAction","target":{"@type":"EntryPoint","urlTemplate":"https:\/\/eliotschool.es\/?s={search_term_string}"},"query-input":{"@type":"PropertyValueSpecification","valueRequired":true,"valueName":"search_term_string"}}],"inLanguage":"eu"},{"@type":"Organization","@id":"https:\/\/eliotschool.es\/#organization","name":"Eliot School","url":"https:\/\/eliotschool.es\/","logo":{"@type":"ImageObject","inLanguage":"eu","@id":"https:\/\/eliotschool.es\/#\/schema\/logo\/image\/","url":"https:\/\/eliotschool.es\/wp-content\/uploads\/2023\/03\/cropped-logo_eliot_scholl.png","contentUrl":"https:\/\/eliotschool.es\/wp-content\/uploads\/2023\/03\/cropped-logo_eliot_scholl.png","width":666,"height":596,"caption":"Eliot School"},"image":{"@id":"https:\/\/eliotschool.es\/#\/schema\/logo\/image\/"}}]}},"_links":{"self":[{"href":"https:\/\/eliotschool.es\/eu\/wp-json\/wp\/v2\/pages\/872","targetHints":{"allow":["GET"]}}],"collection":[{"href":"https:\/\/eliotschool.es\/eu\/wp-json\/wp\/v2\/pages"}],"about":[{"href":"https:\/\/eliotschool.es\/eu\/wp-json\/wp\/v2\/types\/page"}],"author":[{"embeddable":true,"href":"https:\/\/eliotschool.es\/eu\/wp-json\/wp\/v2\/users\/1"}],"replies":[{"embeddable":true,"href":"https:\/\/eliotschool.es\/eu\/wp-json\/wp\/v2\/comments?post=872"}],"version-history":[{"count":66,"href":"https:\/\/eliotschool.es\/eu\/wp-json\/wp\/v2\/pages\/872\/revisions"}],"predecessor-version":[{"id":1779,"href":"https:\/\/eliotschool.es\/eu\/wp-json\/wp\/v2\/pages\/872\/revisions\/1779"}],"wp:attachment":[{"href":"https:\/\/eliotschool.es\/eu\/wp-json\/wp\/v2\/media?parent=872"}],"curies":[{"name":"wp","href":"https:\/\/api.w.org\/{rel}","templated":true}]}}