{"id":973,"date":"2023-03-28T15:16:34","date_gmt":"2023-03-28T15:16:34","guid":{"rendered":"https:\/\/santos.rkinformatika.net\/eliotschool\/?page_id=973"},"modified":"2023-04-04T07:30:42","modified_gmt":"2023-04-04T07:30:42","slug":"adultos","status":"publish","type":"page","link":"https:\/\/eliotschool.es\/eu\/adultos\/","title":{"rendered":"Adultos"},"content":{"rendered":"<div data-elementor-type=\"wp-page\" data-elementor-id=\"973\" class=\"elementor elementor-973\" data-elementor-post-type=\"page\">\n\t\t\t\t\t\t<section class=\"elementor-section elementor-top-section elementor-element elementor-element-1ef9619a elementor-section-boxed elementor-section-height-default elementor-section-height-default\" data-id=\"1ef9619a\" data-element_type=\"section\" data-e-type=\"section\" data-settings=\"{&quot;background_background&quot;:&quot;classic&quot;}\">\n\t\t\t\t\t\t\t<div class=\"elementor-background-overlay\"><\/div>\n\t\t\t\t\t\t\t<div class=\"elementor-container elementor-column-gap-default\">\n\t\t\t\t\t<div class=\"elementor-column elementor-col-100 elementor-top-column elementor-element elementor-element-592f51f9\" data-id=\"592f51f9\" data-element_type=\"column\" data-e-type=\"column\">\n\t\t\t<div class=\"elementor-widget-wrap\">\n\t\t\t\t\t\t\t<\/div>\n\t\t<\/div>\n\t\t\t\t\t<\/div>\n\t\t<\/section>\n\t\t\t\t<section class=\"elementor-section elementor-top-section elementor-element elementor-element-61d9c46 elementor-section-boxed elementor-section-height-default elementor-section-height-default\" data-id=\"61d9c46\" data-element_type=\"section\" data-e-type=\"section\">\n\t\t\t\t\t\t<div class=\"elementor-container elementor-column-gap-default\">\n\t\t\t\t\t<div class=\"elementor-column elementor-col-100 elementor-top-column elementor-element elementor-element-a193110\" data-id=\"a193110\" data-element_type=\"column\" data-e-type=\"column\">\n\t\t\t<div class=\"elementor-widget-wrap elementor-element-populated\">\n\t\t\t\t\t\t<div class=\"elementor-element elementor-element-10f37c6 elementor-widget elementor-widget-text-editor\" data-id=\"10f37c6\" data-element_type=\"widget\" data-e-type=\"widget\" data-widget_type=\"text-editor.default\">\n\t\t\t\t<div class=\"elementor-widget-container\">\n\t\t\t\t\t\t\t\t\t<p>Aprender ingl\u00e9s es para muchos adultos una asignatura pendiente que ya sea por motivos laborales o de ocio quieren retomar.<\/p><p>El aprendizaje de un idioma se ha basado durante a\u00f1os en una metodolog\u00eda que no ha llegado a crear una competencia ling\u00fc\u00edstica real. La realidad es que nos encontramos alumnos anclados en un nivel \u00abintermedio\u00bb al que no encuentran salida.\u00a0\u00a0\u00a0\u00a0\u00a0\u00a0\u00a0\u00a0\u00a0\u00a0\u00a0\u00a0\u00a0\u00a0\u00a0\u00a0\u00a0\u00a0\u00a0\u00a0\u00a0\u00a0\u00a0\u00a0\u00a0\u00a0\u00a0\u00a0\u00a0\u00a0\u00a0\u00a0\u00a0\u00a0\u00a0\u00a0\u00a0\u00a0\u00a0\u00a0\u00a0\u00a0\u00a0\u00a0\u00a0\u00a0\u00a0\u00a0<\/p><p>Por otro lado, hay personas que han estudiado ingl\u00e9s durante a\u00f1os pero no han progresado del mismo modo en todas las habilidades. Normalmente son capaces de entender textos escritos de cierta dificultad y realizar ejercicios de gram\u00e1tica o vocabulario pero por el contrario no pueden mantener una conversaci\u00f3n con cierta fluidez ni comprender lo que les est\u00e1n diciendo, lo que les causa gran frustraci\u00f3n y hace que abandonen.<\/p><p>En nuestras clases intentamos utilizar gran n\u00famero de recursos, tanto escritos como orales. Realizamos \u00abRoleplays\u00bb, presentaciones. Usamos canciones en ingl\u00e9s como veh\u00edculo de comprensi\u00f3n e incluso para presentar diferentes puntos gramaticales. Llevamos a clase noticias reales para comentar o debatir entre los alumnos&#8230;<\/p>\t\t\t\t\t\t\t\t<\/div>\n\t\t\t\t<\/div>\n\t\t\t\t\t<\/div>\n\t\t<\/div>\n\t\t\t\t\t<\/div>\n\t\t<\/section>\n\t\t\t\t<section class=\"elementor-section elementor-top-section elementor-element elementor-element-62c4457 elementor-section-boxed elementor-section-height-default elementor-section-height-default\" data-id=\"62c4457\" data-element_type=\"section\" data-e-type=\"section\" data-settings=\"{&quot;background_background&quot;:&quot;classic&quot;}\">\n\t\t\t\t\t\t\t<div class=\"elementor-background-overlay\"><\/div>\n\t\t\t\t\t\t\t<div class=\"elementor-container elementor-column-gap-default\">\n\t\t\t\t\t<div class=\"elementor-column elementor-col-100 elementor-top-column elementor-element elementor-element-b3faa9f\" data-id=\"b3faa9f\" data-element_type=\"column\" data-e-type=\"column\">\n\t\t\t<div class=\"elementor-widget-wrap elementor-element-populated\">\n\t\t\t\t\t\t<div class=\"elementor-element elementor-element-e027105 elementor-widget elementor-widget-heading\" data-id=\"e027105\" data-element_type=\"widget\" data-e-type=\"widget\" data-widget_type=\"heading.default\">\n\t\t\t\t<div class=\"elementor-widget-container\">\n\t\t\t\t\t<h2 class=\"elementor-heading-title elementor-size-default\">Join us<\/h2>\t\t\t\t<\/div>\n\t\t\t\t<\/div>\n\t\t\t\t<section class=\"elementor-section elementor-inner-section elementor-element elementor-element-2cfe7a7 elementor-section-boxed elementor-section-height-default elementor-section-height-default\" data-id=\"2cfe7a7\" data-element_type=\"section\" data-e-type=\"section\">\n\t\t\t\t\t\t<div class=\"elementor-container elementor-column-gap-default\">\n\t\t\t\t\t<div class=\"elementor-column elementor-col-100 elementor-inner-column elementor-element elementor-element-2000f7d\" data-id=\"2000f7d\" data-element_type=\"column\" data-e-type=\"column\">\n\t\t\t<div class=\"elementor-widget-wrap elementor-element-populated\">\n\t\t\t\t\t\t<div class=\"elementor-element elementor-element-055aba1 elementor-mobile-align-center elementor-align-center elementor-invisible elementor-widget elementor-widget-button\" data-id=\"055aba1\" data-element_type=\"widget\" data-e-type=\"widget\" data-settings=\"{&quot;_animation&quot;:&quot;fadeInRight&quot;,&quot;_animation_delay&quot;:600}\" data-widget_type=\"button.default\">\n\t\t\t\t<div class=\"elementor-widget-container\">\n\t\t\t\t\t\t\t\t\t<div class=\"elementor-button-wrapper\">\n\t\t\t\t\t<a class=\"elementor-button elementor-button-link elementor-size-sm\" href=\"https:\/\/eliotschool.es\/index.php\/contacto\/\">\n\t\t\t\t\t\t<span class=\"elementor-button-content-wrapper\">\n\t\t\t\t\t\t\t\t\t<span class=\"elementor-button-text\">Informate <\/span>\n\t\t\t\t\t<\/span>\n\t\t\t\t\t<\/a>\n\t\t\t\t<\/div>\n\t\t\t\t\t\t\t\t<\/div>\n\t\t\t\t<\/div>\n\t\t\t\t\t<\/div>\n\t\t<\/div>\n\t\t\t\t\t<\/div>\n\t\t<\/section>\n\t\t\t\t\t<\/div>\n\t\t<\/div>\n\t\t\t\t\t<\/div>\n\t\t<\/section>\n\t\t\t\t<\/div>","protected":false},"excerpt":{"rendered":"<p>Aprender ingl\u00e9s es para muchos adultos una asignatura pendiente que ya sea por motivos laborales o de ocio quieren retomar. El aprendizaje de un idioma se ha basado durante a\u00f1os en una metodolog\u00eda que no ha llegado a crear una competencia ling\u00fc\u00edstica real. La realidad es que nos encontramos alumnos anclados en un nivel \u00abintermedio\u00bb [&hellip;]<\/p>\n","protected":false},"author":1,"featured_media":0,"parent":0,"menu_order":0,"comment_status":"closed","ping_status":"closed","template":"elementor_canvas","meta":{"footnotes":""},"class_list":["post-973","page","type-page","status-publish","hentry"],"yoast_head":"<!-- This site is optimized with the Yoast SEO plugin v27.4 - https:\/\/yoast.com\/product\/yoast-seo-wordpress\/ -->\n<title>Adultos - Eliot School<\/title>\n<meta name=\"robots\" content=\"index, follow, max-snippet:-1, max-image-preview:large, max-video-preview:-1\" \/>\n<link rel=\"canonical\" href=\"https:\/\/eliotschool.es\/eu\/adultos\/\" \/>\n<meta property=\"og:locale\" content=\"en_US\" \/>\n<meta property=\"og:type\" content=\"article\" \/>\n<meta property=\"og:title\" content=\"Adultos - Eliot School\" \/>\n<meta property=\"og:description\" content=\"Aprender ingl\u00e9s es para muchos adultos una asignatura pendiente que ya sea por motivos laborales o de ocio quieren retomar. El aprendizaje de un idioma se ha basado durante a\u00f1os en una metodolog\u00eda que no ha llegado a crear una competencia ling\u00fc\u00edstica real. La realidad es que nos encontramos alumnos anclados en un nivel \u00abintermedio\u00bb [&hellip;]\" \/>\n<meta property=\"og:url\" content=\"https:\/\/eliotschool.es\/eu\/adultos\/\" \/>\n<meta property=\"og:site_name\" content=\"Eliot School\" \/>\n<meta property=\"article:modified_time\" content=\"2023-04-04T07:30:42+00:00\" \/>\n<meta name=\"twitter:card\" content=\"summary_large_image\" \/>\n<meta name=\"twitter:label1\" content=\"Est. reading time\" \/>\n\t<meta name=\"twitter:data1\" content=\"1 minutua\" \/>\n<script type=\"application\/ld+json\" class=\"yoast-schema-graph\">{\"@context\":\"https:\\\/\\\/schema.org\",\"@graph\":[{\"@type\":\"WebPage\",\"@id\":\"https:\\\/\\\/eliotschool.es\\\/adultos\\\/\",\"url\":\"https:\\\/\\\/eliotschool.es\\\/adultos\\\/\",\"name\":\"Adultos - Eliot School\",\"isPartOf\":{\"@id\":\"https:\\\/\\\/eliotschool.es\\\/#website\"},\"datePublished\":\"2023-03-28T15:16:34+00:00\",\"dateModified\":\"2023-04-04T07:30:42+00:00\",\"breadcrumb\":{\"@id\":\"https:\\\/\\\/eliotschool.es\\\/adultos\\\/#breadcrumb\"},\"inLanguage\":\"eu\",\"potentialAction\":[{\"@type\":\"ReadAction\",\"target\":[\"https:\\\/\\\/eliotschool.es\\\/adultos\\\/\"]}]},{\"@type\":\"BreadcrumbList\",\"@id\":\"https:\\\/\\\/eliotschool.es\\\/adultos\\\/#breadcrumb\",\"itemListElement\":[{\"@type\":\"ListItem\",\"position\":1,\"name\":\"Portada\",\"item\":\"https:\\\/\\\/eliotschool.es\\\/\"},{\"@type\":\"ListItem\",\"position\":2,\"name\":\"Adultos\"}]},{\"@type\":\"WebSite\",\"@id\":\"https:\\\/\\\/eliotschool.es\\\/#website\",\"url\":\"https:\\\/\\\/eliotschool.es\\\/\",\"name\":\"Eliot School\",\"description\":\"Desde 1992, en Eliot School nos dedicamos exclusivamente a la ense\u00f1anza del ingl\u00e9s, proporcionando servicios de calidad de una manera eficiente, eficaz y personalizada. \",\"publisher\":{\"@id\":\"https:\\\/\\\/eliotschool.es\\\/#organization\"},\"potentialAction\":[{\"@type\":\"SearchAction\",\"target\":{\"@type\":\"EntryPoint\",\"urlTemplate\":\"https:\\\/\\\/eliotschool.es\\\/?s={search_term_string}\"},\"query-input\":{\"@type\":\"PropertyValueSpecification\",\"valueRequired\":true,\"valueName\":\"search_term_string\"}}],\"inLanguage\":\"eu\"},{\"@type\":\"Organization\",\"@id\":\"https:\\\/\\\/eliotschool.es\\\/#organization\",\"name\":\"Eliot School\",\"url\":\"https:\\\/\\\/eliotschool.es\\\/\",\"logo\":{\"@type\":\"ImageObject\",\"inLanguage\":\"eu\",\"@id\":\"https:\\\/\\\/eliotschool.es\\\/#\\\/schema\\\/logo\\\/image\\\/\",\"url\":\"https:\\\/\\\/eliotschool.es\\\/wp-content\\\/uploads\\\/2023\\\/03\\\/cropped-logo_eliot_scholl.png\",\"contentUrl\":\"https:\\\/\\\/eliotschool.es\\\/wp-content\\\/uploads\\\/2023\\\/03\\\/cropped-logo_eliot_scholl.png\",\"width\":666,\"height\":596,\"caption\":\"Eliot School\"},\"image\":{\"@id\":\"https:\\\/\\\/eliotschool.es\\\/#\\\/schema\\\/logo\\\/image\\\/\"}}]}<\/script>\n<!-- \/ Yoast SEO plugin. -->","yoast_head_json":{"title":"Adultos - Eliot School","robots":{"index":"index","follow":"follow","max-snippet":"max-snippet:-1","max-image-preview":"max-image-preview:large","max-video-preview":"max-video-preview:-1"},"canonical":"https:\/\/eliotschool.es\/eu\/adultos\/","og_locale":"en_US","og_type":"article","og_title":"Adultos - Eliot School","og_description":"Aprender ingl\u00e9s es para muchos adultos una asignatura pendiente que ya sea por motivos laborales o de ocio quieren retomar. El aprendizaje de un idioma se ha basado durante a\u00f1os en una metodolog\u00eda que no ha llegado a crear una competencia ling\u00fc\u00edstica real. La realidad es que nos encontramos alumnos anclados en un nivel \u00abintermedio\u00bb [&hellip;]","og_url":"https:\/\/eliotschool.es\/eu\/adultos\/","og_site_name":"Eliot School","article_modified_time":"2023-04-04T07:30:42+00:00","twitter_card":"summary_large_image","twitter_misc":{"Est. reading time":"1 minutua"},"schema":{"@context":"https:\/\/schema.org","@graph":[{"@type":"WebPage","@id":"https:\/\/eliotschool.es\/adultos\/","url":"https:\/\/eliotschool.es\/adultos\/","name":"Adultos - Eliot School","isPartOf":{"@id":"https:\/\/eliotschool.es\/#website"},"datePublished":"2023-03-28T15:16:34+00:00","dateModified":"2023-04-04T07:30:42+00:00","breadcrumb":{"@id":"https:\/\/eliotschool.es\/adultos\/#breadcrumb"},"inLanguage":"eu","potentialAction":[{"@type":"ReadAction","target":["https:\/\/eliotschool.es\/adultos\/"]}]},{"@type":"BreadcrumbList","@id":"https:\/\/eliotschool.es\/adultos\/#breadcrumb","itemListElement":[{"@type":"ListItem","position":1,"name":"Portada","item":"https:\/\/eliotschool.es\/"},{"@type":"ListItem","position":2,"name":"Adultos"}]},{"@type":"WebSite","@id":"https:\/\/eliotschool.es\/#website","url":"https:\/\/eliotschool.es\/","name":"Eliot School","description":"Desde 1992, en Eliot School nos dedicamos exclusivamente a la ense\u00f1anza del ingl\u00e9s, proporcionando servicios de calidad de una manera eficiente, eficaz y personalizada.","publisher":{"@id":"https:\/\/eliotschool.es\/#organization"},"potentialAction":[{"@type":"SearchAction","target":{"@type":"EntryPoint","urlTemplate":"https:\/\/eliotschool.es\/?s={search_term_string}"},"query-input":{"@type":"PropertyValueSpecification","valueRequired":true,"valueName":"search_term_string"}}],"inLanguage":"eu"},{"@type":"Organization","@id":"https:\/\/eliotschool.es\/#organization","name":"Eliot School","url":"https:\/\/eliotschool.es\/","logo":{"@type":"ImageObject","inLanguage":"eu","@id":"https:\/\/eliotschool.es\/#\/schema\/logo\/image\/","url":"https:\/\/eliotschool.es\/wp-content\/uploads\/2023\/03\/cropped-logo_eliot_scholl.png","contentUrl":"https:\/\/eliotschool.es\/wp-content\/uploads\/2023\/03\/cropped-logo_eliot_scholl.png","width":666,"height":596,"caption":"Eliot School"},"image":{"@id":"https:\/\/eliotschool.es\/#\/schema\/logo\/image\/"}}]}},"_links":{"self":[{"href":"https:\/\/eliotschool.es\/eu\/wp-json\/wp\/v2\/pages\/973","targetHints":{"allow":["GET"]}}],"collection":[{"href":"https:\/\/eliotschool.es\/eu\/wp-json\/wp\/v2\/pages"}],"about":[{"href":"https:\/\/eliotschool.es\/eu\/wp-json\/wp\/v2\/types\/page"}],"author":[{"embeddable":true,"href":"https:\/\/eliotschool.es\/eu\/wp-json\/wp\/v2\/users\/1"}],"replies":[{"embeddable":true,"href":"https:\/\/eliotschool.es\/eu\/wp-json\/wp\/v2\/comments?post=973"}],"version-history":[{"count":16,"href":"https:\/\/eliotschool.es\/eu\/wp-json\/wp\/v2\/pages\/973\/revisions"}],"predecessor-version":[{"id":1792,"href":"https:\/\/eliotschool.es\/eu\/wp-json\/wp\/v2\/pages\/973\/revisions\/1792"}],"wp:attachment":[{"href":"https:\/\/eliotschool.es\/eu\/wp-json\/wp\/v2\/media?parent=973"}],"curies":[{"name":"wp","href":"https:\/\/api.w.org\/{rel}","templated":true}]}}